{"id":517,"date":"2021-02-22T14:03:01","date_gmt":"2021-02-22T14:03:01","guid":{"rendered":"https:\/\/antonia-manhartsberger.mur.at\/opere-selezionate\/"},"modified":"2023-10-11T10:20:50","modified_gmt":"2023-10-11T10:20:50","slug":"opere-selezionate","status":"publish","type":"page","link":"https:\/\/antonia-manhartsberger.mur.at\/it\/opere-selezionate\/","title":{"rendered":"opere selezionate"},"content":{"rendered":"\n<div class=\"wp-block-group\"><div class=\"wp-block-group__inner-container is-layout-flow wp-block-group-is-layout-flow\">\n<h2 class=\"wp-block-heading\" id=\"kompositionen\">Composizioni<\/h2>\n\n\n\n<ul class=\"wp-block-list\">\n<li>2023\n<ul class=\"wp-block-list\">\n<li><a href=\"https:\/\/innstrumenti.at\/konzerte\/4_3_23_jubilaeumskonzert_25_jahre_innstrumenti\">Kapern per Kammerorchester<\/a> (commissionato da Kammerorchester Innstrumenti)<\/li>\n<\/ul>\n<\/li>\n\n\n\n<li>2022\n<ul class=\"wp-block-list\">\n<li><a href=\"https:\/\/vimeo.com\/720206441\">g\u00fdro<\/a>, liveset audiovisivo generativo<\/li>\n\n\n\n<li><a href=\"https:\/\/youtu.be\/zIskz-6ZQ-k\">bad Workout<\/a>, liveset audiovisivo<\/li>\n<\/ul>\n<\/li>\n\n\n\n<li>2021\n<ul class=\"wp-block-list\">\n<li><a href=\"https:\/\/soundcloud.com\/aseulenspiegel\/floating-debris?si=4c6b4f56126649a3b67bba6557689bf8\">floating debris<\/a>, Tape per l&#8217;Akusmonium viennese, commissione Klangspuren Festival Schwaz<\/li>\n\n\n\n<li><a href=\"https:\/\/vimeo.com\/659225689\">Young and pretty<\/a>, Live electronics a 4 canali, performance e video<\/li>\n<\/ul>\n<\/li>\n<\/ul>\n\n\n\n<ul class=\"wp-block-list\">\n<li>2020\n<ul class=\"wp-block-list\">\n<li><a href=\"https:\/\/soundcloud.com\/aseulenspiegel\/sie-sturzt-die-machtigen\/s-wVMFyHHDMRa?utm_source=clipboard&amp;utm_medium=text&amp;utm_campaign=social_sharing\">Sie st\u00fcrzt die M\u00e4chtigen f\u00fcr Kammerorchester<\/a>, Tape e live electronics (commissionato dall&#8217;Orchestra da Camera Innstrumenti)<\/li>\n\n\n\n<li><a href=\"https:\/\/vimeo.com\/431042658\">Where comes the blood from <\/a>(audiovisuale)<\/li>\n<\/ul>\n<\/li>\n\n\n\n<li>2019\n<ul class=\"wp-block-list\">\n<li>Eisenholz per piccola orchestra, tape e live electronics (commissionato da Sonarkraft)<\/li>\n\n\n\n<li><a href=\"https:\/\/soundcloud.com\/aseulenspiegel\/o-escandalo-all-over-the-world\">o esc\u00e2ndalo (all over the world)<\/a> &#8211; tape<\/li>\n\n\n\n<li><a href=\"https:\/\/soundcloud.com\/aseulenspiegel\/when-fires-burn\">When Fires burn<\/a> &#8211; tape<\/li>\n<\/ul>\n<\/li>\n\n\n\n<li>2018\n<ul class=\"wp-block-list\">\n<li>Perforationen per voce e live electronics, Ambisonics e altoparlante icosaedro (IKO)<\/li>\n<\/ul>\n<\/li>\n\n\n\n<li>2017\n<ul class=\"wp-block-list\">\n<li><a href=\"https:\/\/soundcloud.com\/aseulenspiegel\/move-modus-vertiginis-2\">mo.ve<\/a> [modus vertiginis], tape per altoparlante icosaedro (IKO)<\/li>\n\n\n\n<li>Cloud1a per fisarmonica e live electronics: 24 canali ambisonici<\/li>\n<\/ul>\n<\/li>\n<\/ul>\n\n\n\n<h2 class=\"wp-block-heading\" id=\"installationen\">Installazioni sonore<\/h2>\n\n\n\n<ul class=\"wp-block-list\">\n<li>2022:\n<ul class=\"wp-block-list\">\n<li><a href=\"https:\/\/klanglicht.buehnen-graz.com\/installation\/antonia-manhartsberger-n-n\/\">those sounds are wrapped in scars<\/a>, Klanglicht Festival, Reininghauspark Graz<\/li>\n\n\n\n<li><a href=\"https:\/\/soundcloud.com\/aseulenspiegel\/please-dont-eattherich\/s-ygTXOn1kwqX?si=9df3790078fb4396b8dc666785e7ff56&amp;utm_source=clipboard&amp;utm_medium=text&amp;utm_campaign=social_sharing\">please don&#8217;t eat the rich<\/a>, <a href=\"https:\/\/www.forumstadtpark.at\/de\/programm\/sicherheitsfestspiele\">Sicherheitsfestspiele, Forum Stadtpark<\/a><\/li>\n\n\n\n<li><a href=\"https:\/\/vimeo.com\/820420010?share=copy\">gr\u00fcn~t\u00f6ne-Eine Klangoase nach Hildegard von Bingen<\/a> in collaborazione con <a href=\"http:\/\/world-of-lino-leum.com\/\">Lino Leum<\/a>, Brunnenhof Stadtpfarrkirche Graz<\/li>\n<\/ul>\n<\/li>\n\n\n\n<li>2021:\n<ul class=\"wp-block-list\">\n<li><a href=\"https:\/\/vimeo.com\/807848259\">-Fuge- im Glockenklang,<\/a> Installazione sonora nello spazio pubblico &#8211; Graz<\/li>\n\n\n\n<li>Auto: <a href=\"https:\/\/setzkastenwien.at\/2021\/10\/14\/kastenkonzert-35-vernissage-schaufenster-artefakte-annaherung\/\">Setzkasten Wien<\/a>, microfono piezoelettrico e altoparlante a contatto in vetrina<\/li>\n<\/ul>\n<\/li>\n\n\n\n<li>2020:\n<ul class=\"wp-block-list\">\n<li>Konventionen (convenzioni) I II III, AR-, video e iinstallazione sonora<\/li>\n<\/ul>\n<\/li>\n\n\n\n<li>2018:\n<ul class=\"wp-block-list\">\n<li><a href=\"https:\/\/vimeo.com\/aseulenspiegel\/resetdiscover\">reset_discover for VR and ambisonics<\/a>, in collaborazione con Constantinos Miltiadis<\/li>\n<\/ul>\n<\/li>\n\n\n\n<li>2016:\n<ul class=\"wp-block-list\">\n<li>Toniki Diadaksi, 24 canale installazione sonora<\/li>\n<\/ul>\n<\/li>\n<\/ul>\n\n\n\n<h2 class=\"wp-block-heading\" id=\"performances\">Performances<\/h2>\n\n\n\n<ul class=\"wp-block-list\">\n<li>2020\/2021\n<ul class=\"wp-block-list\">\n<li><a href=\"https:\/\/www.kulturjahr2020.at\/projekte\/present-in-difference\/\">Present.in.Difference<\/a>per due performer di danza, 24 canali ambisonics, in collaborazione con Bruna Diniz Afonso e Olgica Peric &#8211; finanziato da Kulturjahr Graz 2020<\/li>\n<\/ul>\n<\/li>\n\n\n\n<li>2020\n<ul class=\"wp-block-list\">\n<li><a href=\"https:\/\/tube.tugraz.at\/paella\/ui\/watch.html?id=bf7f60fb-5a9e-49f6-9245-ca15849621e7\">heaven is a place on earth: Es ist anzunehmen, dass es ein Experiment ist,<\/a> (si pu\u00f2 assumere che si tratti di un esperimento) Spettacolo radiofonico dal vivo, Forum Stadtpark<\/li>\n<\/ul>\n<\/li>\n\n\n\n<li>2016\n<ul class=\"wp-block-list\">\n<li><a href=\"https:\/\/youtu.be\/75bYBD3sQXk\">Dystopolis &#8211; Requiem for Democracy and mixed media orchestra<\/a>,Performance e installazione multimediale, Kunsttankstelle Wien<\/li>\n<\/ul>\n<\/li>\n\n\n\n<li>2015\n<ul class=\"wp-block-list\">\n<li><a href=\"https:\/\/vimeo.com\/136714420\">Music for Polygraph<\/a> \u2013 musical piece for enourmously amplified polygraph and percussions, Kunsttankstelle Wien<\/li>\n<\/ul>\n<\/li>\n<\/ul>\n<\/div><\/div>\n\n<h2 class=\"wp-block-heading\" id=\"horspiele\">Radiofonici<\/h2>\n\n<ul class=\"wp-block-list\">\n<li><a href=\"https:\/\/cba.fro.at\/465624\">Die Schichtschl\u00e4ferin<\/a> (l&#8217;inquilina notturna) (versione 16 canali ambisonics e stereo) in collaborazione con Antonia Biberger<\/li>\n\n\n\n<li><a href=\"https:\/\/cba.fro.at\/353340\">Einen Stein nach den Sternen werfen<\/a> (Lanciare un sasso alle stelle) di Justin Winkler<\/li>\n<\/ul>\n\n<h2 class=\"wp-block-heading\">musica teatrale<\/h2>\n\n<ul class=\"wp-block-list\">\n<li>2022\n<ul class=\"wp-block-list\">\n<li><a href=\"https:\/\/zweiteliga.weblog.mur.at\/\">Arbeitstitel: die letzten 1234 Tage (Titolo di lavoro: gli ultimi 1234 giorni)<\/a>, zweite Liga f\u00fcr Kunst und Kultur, Volkshaus Graz<\/li>\n<\/ul>\n<\/li>\n\n\n\n<li>2021\/22\n<ul class=\"wp-block-list\">\n<li><a href=\"http:\/\/Making%20a%20Great%20Gatsby\">Making a Great Gatsby<\/a> tratto dal romanzo di F. Scott Fitzgerald, Haus 1 Schauspielhaus Graz<\/li>\n<\/ul>\n<\/li>\n<\/ul>\n\n<p><\/p>\n","protected":false},"excerpt":{"rendered":"<p>Composizioni Installazioni sonore Performances Radiofonici musica teatrale<\/p>\n","protected":false},"author":1,"featured_media":0,"parent":0,"menu_order":0,"comment_status":"closed","ping_status":"closed","template":"","meta":{"footnotes":""},"class_list":["entry","page","publish","author-admin","post-517"],"yoast_head":"<!-- This site is optimized with the Yoast SEO plugin v24.9 - https:\/\/yoast.com\/wordpress\/plugins\/seo\/ -->\n<title>opere selezionate<\/title>\n<meta name=\"description\" content=\"Composizioni, installazioni, performance, opere audiovisive e radiodrammi\" \/>\n<meta name=\"robots\" content=\"index, follow, max-snippet:-1, max-image-preview:large, max-video-preview:-1\" \/>\n<link rel=\"canonical\" href=\"https:\/\/antonia-manhartsberger.mur.at\/it\/opere-selezionate\/\" \/>\n<meta property=\"og:locale\" content=\"it_IT\" \/>\n<meta property=\"og:type\" content=\"article\" \/>\n<meta property=\"og:title\" content=\"opere selezionate\" \/>\n<meta property=\"og:description\" content=\"Composizioni, installazioni, performance, opere audiovisive e radiodrammi\" \/>\n<meta property=\"og:url\" content=\"https:\/\/antonia-manhartsberger.mur.at\/it\/opere-selezionate\/\" \/>\n<meta property=\"og:site_name\" content=\"anto sophia manhartsberger\" \/>\n<meta property=\"article:modified_time\" content=\"2023-10-11T10:20:50+00:00\" \/>\n<meta name=\"twitter:card\" content=\"summary_large_image\" \/>\n<meta name=\"twitter:label1\" content=\"Tempo di lettura stimato\" \/>\n\t<meta name=\"twitter:data1\" content=\"2 minuti\" \/>\n<script type=\"application\/ld+json\" class=\"yoast-schema-graph\">{\"@context\":\"https:\/\/schema.org\",\"@graph\":[{\"@type\":\"WebPage\",\"@id\":\"https:\/\/antonia-manhartsberger.mur.at\/it\/opere-selezionate\/\",\"url\":\"https:\/\/antonia-manhartsberger.mur.at\/it\/opere-selezionate\/\",\"name\":\"opere selezionate\",\"isPartOf\":{\"@id\":\"https:\/\/antonia-manhartsberger.mur.at\/it\/#website\"},\"datePublished\":\"2021-02-22T14:03:01+00:00\",\"dateModified\":\"2023-10-11T10:20:50+00:00\",\"description\":\"Composizioni, installazioni, performance, opere audiovisive e radiodrammi\",\"breadcrumb\":{\"@id\":\"https:\/\/antonia-manhartsberger.mur.at\/it\/opere-selezionate\/#breadcrumb\"},\"inLanguage\":\"it-IT\",\"potentialAction\":[{\"@type\":\"ReadAction\",\"target\":[\"https:\/\/antonia-manhartsberger.mur.at\/it\/opere-selezionate\/\"]}]},{\"@type\":\"BreadcrumbList\",\"@id\":\"https:\/\/antonia-manhartsberger.mur.at\/it\/opere-selezionate\/#breadcrumb\",\"itemListElement\":[{\"@type\":\"ListItem\",\"position\":1,\"name\":\"Home\",\"item\":\"https:\/\/antonia-manhartsberger.mur.at\/it\/\"},{\"@type\":\"ListItem\",\"position\":2,\"name\":\"opere selezionate\"}]},{\"@type\":\"WebSite\",\"@id\":\"https:\/\/antonia-manhartsberger.mur.at\/it\/#website\",\"url\":\"https:\/\/antonia-manhartsberger.mur.at\/it\/\",\"name\":\"anto sophia manhartsberger\",\"description\":\"\",\"potentialAction\":[{\"@type\":\"SearchAction\",\"target\":{\"@type\":\"EntryPoint\",\"urlTemplate\":\"https:\/\/antonia-manhartsberger.mur.at\/it\/?s={search_term_string}\"},\"query-input\":{\"@type\":\"PropertyValueSpecification\",\"valueRequired\":true,\"valueName\":\"search_term_string\"}}],\"inLanguage\":\"it-IT\"}]}<\/script>\n<!-- \/ Yoast SEO plugin. -->","yoast_head_json":{"title":"opere selezionate","description":"Composizioni, installazioni, performance, opere audiovisive e radiodrammi","robots":{"index":"index","follow":"follow","max-snippet":"max-snippet:-1","max-image-preview":"max-image-preview:large","max-video-preview":"max-video-preview:-1"},"canonical":"https:\/\/antonia-manhartsberger.mur.at\/it\/opere-selezionate\/","og_locale":"it_IT","og_type":"article","og_title":"opere selezionate","og_description":"Composizioni, installazioni, performance, opere audiovisive e radiodrammi","og_url":"https:\/\/antonia-manhartsberger.mur.at\/it\/opere-selezionate\/","og_site_name":"anto sophia manhartsberger","article_modified_time":"2023-10-11T10:20:50+00:00","twitter_card":"summary_large_image","twitter_misc":{"Tempo di lettura stimato":"2 minuti"},"schema":{"@context":"https:\/\/schema.org","@graph":[{"@type":"WebPage","@id":"https:\/\/antonia-manhartsberger.mur.at\/it\/opere-selezionate\/","url":"https:\/\/antonia-manhartsberger.mur.at\/it\/opere-selezionate\/","name":"opere selezionate","isPartOf":{"@id":"https:\/\/antonia-manhartsberger.mur.at\/it\/#website"},"datePublished":"2021-02-22T14:03:01+00:00","dateModified":"2023-10-11T10:20:50+00:00","description":"Composizioni, installazioni, performance, opere audiovisive e radiodrammi","breadcrumb":{"@id":"https:\/\/antonia-manhartsberger.mur.at\/it\/opere-selezionate\/#breadcrumb"},"inLanguage":"it-IT","potentialAction":[{"@type":"ReadAction","target":["https:\/\/antonia-manhartsberger.mur.at\/it\/opere-selezionate\/"]}]},{"@type":"BreadcrumbList","@id":"https:\/\/antonia-manhartsberger.mur.at\/it\/opere-selezionate\/#breadcrumb","itemListElement":[{"@type":"ListItem","position":1,"name":"Home","item":"https:\/\/antonia-manhartsberger.mur.at\/it\/"},{"@type":"ListItem","position":2,"name":"opere selezionate"}]},{"@type":"WebSite","@id":"https:\/\/antonia-manhartsberger.mur.at\/it\/#website","url":"https:\/\/antonia-manhartsberger.mur.at\/it\/","name":"anto sophia manhartsberger","description":"","potentialAction":[{"@type":"SearchAction","target":{"@type":"EntryPoint","urlTemplate":"https:\/\/antonia-manhartsberger.mur.at\/it\/?s={search_term_string}"},"query-input":{"@type":"PropertyValueSpecification","valueRequired":true,"valueName":"search_term_string"}}],"inLanguage":"it-IT"}]}},"_links":{"self":[{"href":"https:\/\/antonia-manhartsberger.mur.at\/it\/wp-json\/wp\/v2\/pages\/517","targetHints":{"allow":["GET"]}}],"collection":[{"href":"https:\/\/antonia-manhartsberger.mur.at\/it\/wp-json\/wp\/v2\/pages"}],"about":[{"href":"https:\/\/antonia-manhartsberger.mur.at\/it\/wp-json\/wp\/v2\/types\/page"}],"author":[{"embeddable":true,"href":"https:\/\/antonia-manhartsberger.mur.at\/it\/wp-json\/wp\/v2\/users\/1"}],"replies":[{"embeddable":true,"href":"https:\/\/antonia-manhartsberger.mur.at\/it\/wp-json\/wp\/v2\/comments?post=517"}],"version-history":[{"count":36,"href":"https:\/\/antonia-manhartsberger.mur.at\/it\/wp-json\/wp\/v2\/pages\/517\/revisions"}],"predecessor-version":[{"id":809,"href":"https:\/\/antonia-manhartsberger.mur.at\/it\/wp-json\/wp\/v2\/pages\/517\/revisions\/809"}],"wp:attachment":[{"href":"https:\/\/antonia-manhartsberger.mur.at\/it\/wp-json\/wp\/v2\/media?parent=517"}],"curies":[{"name":"wp","href":"https:\/\/api.w.org\/{rel}","templated":true}]}}